{"id":5935,"date":"2024-02-22T20:17:12","date_gmt":"2024-02-22T20:17:12","guid":{"rendered":"https:\/\/hostalerupcion.com\/?page_id=5935"},"modified":"2024-03-21T03:49:03","modified_gmt":"2024-03-21T03:49:03","slug":"crater-rooftop-bar","status":"publish","type":"page","link":"https:\/\/hostalerupcion.com\/es\/crater-rooftop-bar\/","title":{"rendered":"Crater Rooftop Bar"},"content":{"rendered":"<div class=\"wpb-content-wrapper\"><p>[vc_row full_width=&#8221;stretch_row&#8221; content_placement=&#8221;middle&#8221; css=&#8221;.vc_custom_1708634889452{margin-bottom: 30px !important;background-color: #f8f8f8 !important;}&#8221;][vc_column width=&#8221;1\/2&#8243; el_class=&#8221;milenia-color&#8211;black&#8221;]<!--================ Section Heading ================-->\n<script>\n    (function($){\n        'use strict';\n\n        if(!$) return;\n\n        $(function(){\n            if(window.appear) {\n                appear({\n                    elements: function(){\n                        return document.querySelectorAll('#vc-milenia-section-heading-fc578800899fdc08dacfb93038a0c4f9-1775518203382241545');\n                    },\n                    appear: function(element) {\n                        var $el = $(element);\n                        $el.addClass('milenia-visible').addClass($el.data('animation'));\n                    },\n                    reappear: false,\n                    bounds: -200\n                });\n            }\n        });\n    })(window.jQuery);\n<\/script>\n<div id=\"vc-milenia-section-heading-fc578800899fdc08dacfb93038a0c4f9-1775518203382241545\" class=\"milenia-section-heading text-left vc_custom_1708633532780 milenia-visible\" data-animation=\"none\">\n    \n    <h2 class=\"milenia-section-title milenia-font--first-accented\" style=\"font-size: 36px;line-height: 43px;text-transform: none;font-style: normal;font-weight: 400;\">Rooftop Bar<\/h2>\n\n    \n<\/div>\n<!--================ End of Section Heading ================-->\n[vc_column_text]Ven a nuestro bar en la azotea en la parte superior de nuestro edificio y disfruta de una impesionante vista del parque central, la cascada, la iglesia y las impresionantes monta\u00f1as que rodean Ba\u00f1os, Ecuador. Pasa por el patio o el sal\u00f3n y ven a brindar con nosotros en nuestra barra en el medio de la azotea, disfruta de bebidas y bocados despu\u00e9s de un largo d\u00eda de aventuras y deportes extremos en Ba\u00f1os, Ecuador. Sea lo que sea que est\u00e9s buscando, lo encontrar\u00e1s en nuestra terraza en la azotea al aire libre que est\u00e1 abierta todo el a\u00f1o. Nuestro patio en la azotea tiene todo lo que necesitas, est\u00e1 cubierto &#8211; y calefaccionado &#8211; con estilo.<\/p>\n<p>Se atiende por orden de llegada; no se aceptan reservaciones.<\/p>\n<p>[\/vc_column_text][\/vc_column][vc_column width=&#8221;1\/2&#8243;][vc_single_image image=&#8221;4194&#8243; img_size=&#8221;full&#8221;][\/vc_column][\/vc_row][vc_row full_width=&#8221;stretch_row_content_no_spaces&#8221; css=&#8221;.vc_custom_1708635179675{margin-top: -35px !important;margin-bottom: 30px !important;}&#8221;][vc_column]<!--================ Info Boxes ================-->\n<script>\n    (function($){\n        'use strict';\n\n        if(!$) return;\n\n        $(function(){\n            var $container = $('#vc-milenia-info-boxes-90f221e84b8713ac74692eea215ea62f-17755182031671744102'),\n                $dynamicBgElements,\n                $carousels;\n\n            if(!$container.length) return;\n\n            if(window.appear) {\n                appear({\n                    elements: function(){\n                        return document.querySelectorAll('#vc-milenia-info-boxes-90f221e84b8713ac74692eea215ea62f-17755182031671744102');\n                    },\n                    appear: function(element) {\n                        var $el = $(element);\n                        $el.addClass('milenia-visible').addClass($el.data('animation'));\n                    },\n                    reappear: false,\n                    bounds: -200\n                });\n            }\n\n            if(window.Milenia && window.Milenia.LinkUnderliner) {\n                window.Milenia.LinkUnderliner.init($container.find('a'));\n            }\n\n            if(window.Milenia && window.Milenia.helpers &&  window.Milenia.helpers.dynamicBgImage) {\n                $dynamicBgElements = $container.find('[data-bg-image-src]');\n                if($dynamicBgElements.length) window.Milenia.helpers.dynamicBgImage($dynamicBgElements);\n            }\n\n            if($.fn.owlCarousel) {\n                $carousels = $container.find('.milenia-simple-slideshow--shortcode');\n\n                if($carousels.length) {\n                    if(window.Milenia && window.Milenia.helpers && window.Milenia.helpers.owlSettings) {\n\n                        $carousels.jQueryImagesLoaded().then(function(){\n                                $carousels.each(function(i,e) {\n                                    $(e).owlCarousel(window.Milenia.helpers.owlSettings({\n                                        margin: 1,\n                                        loop: true,\n                                        autoplay: $(e).hasClass('milenia-simple-slideshow--autoplay')\n                                    }));\n                                });\n                        });\n\n                    }\n                    else {\n                        $carousels.owlCarousel({\n                            items: 1\n                        });\n                    }\n                }\n            }\n        });\n    })(window.jQuery);\n<\/script>\n\n<div id=\"vc-milenia-info-boxes-90f221e84b8713ac74692eea215ea62f-17755182031671744102\" class=\"milenia-entities milenia-entities--style-3 milenia-entities--reverse milenia-entities--filled  milenia-entities--title-reduced milenia-visible\" data-animation=\"none\">\n    <div class=\"milenia-grid milenia-grid--cols-1 milenia-grid--gutters\">\n        <!--================ Info Boxes Item ================-->\n<div class=\"milenia-grid-item\">\n    <article class=\"milenia-entity format-standard\">\n        <div data-bg-image-src=\"https:\/\/hostalerupcion.com\/wp-content\/uploads\/2024\/02\/DSC_9593-scaled.jpg\" style=\"background-image: url(https:\/\/hostalerupcion.com\/wp-content\/uploads\/2024\/02\/DSC_9593-scaled.jpg)\" class=\"milenia-entity-media\">\n    <a href=\"#\"    class=\"milenia-ln--independent milenia-entity-link\"><\/a>\n<\/div>\n\n\n        <div class=\"milenia-entity-content milenia-aligner\">\n            <div class=\"milenia-aligner-outer\">\n                <div class=\"milenia-aligner-inner\">\n                    <header class=\"milenia-entity-header\">\n                        \n                        <h2 class=\"milenia-entity-title\">Horario<\/h2>\n\n                    <\/header>\n                    <div class=\"milenia-entity-body\"><p>Lunes a Viernes: 8:00 AM - 10:00 PM<br \/>\nS\u00e1bado: 8:00 AM - 10:00 PM<br \/>\nDomingo: 8:00 AM - 8:00 PM<br \/>\nD\u00edas festivos: 8:00 AM - 11:00 PM<\/p>\n<\/div>\n\n                    <footer class=\"milenia-entity-footer\">\n    <a href=\"#\"    class=\"milenia-btn\">Explore More<\/a>\n<\/footer>\n\n                <\/div>\n            <\/div>\n        <\/div>\n    <\/article>\n<\/div>\n<!--================ End of Info Boxes Item ================-->\n\n    <\/div>\n<\/div>\n<!--================ End of Info Boxes ================-->\n[\/vc_column][\/vc_row][vc_row][vc_column]<!--================ Section Heading ================-->\n<script>\n    (function($){\n        'use strict';\n\n        if(!$) return;\n\n        $(function(){\n            if(window.appear) {\n                appear({\n                    elements: function(){\n                        return document.querySelectorAll('#vc-milenia-section-heading-5b1cc4ddd0ef68f43d7651071a0da9e8-17755182031111443733');\n                    },\n                    appear: function(element) {\n                        var $el = $(element);\n                        $el.addClass('milenia-visible').addClass($el.data('animation'));\n                    },\n                    reappear: false,\n                    bounds: -200\n                });\n            }\n        });\n    })(window.jQuery);\n<\/script>\n<div id=\"vc-milenia-section-heading-5b1cc4ddd0ef68f43d7651071a0da9e8-17755182031111443733\" class=\"milenia-section-heading text-center vc_custom_1710714941541 milenia-visible\" data-animation=\"none\">\n    \n    <h2 class=\"milenia-section-title milenia-font--first-accented\" style=\"font-size: 36px;line-height: 43px;text-transform: none;font-style: normal;font-weight: 400;\">Nuestras Rese\u00f1as<\/h2>\n\n    \n<\/div>\n<!--================ End of Section Heading ================-->\n[vc_raw_html]JTVCZ3J3JTIwaWQlM0Q0MDcyJTVE[\/vc_raw_html][\/vc_column][\/vc_row][vc_row full_width=&#8221;stretch_row_content_no_spaces&#8221; css=&#8221;.vc_custom_1708627493671{margin-top: -50px !important;margin-bottom: 30px !important;}&#8221;][vc_column]<!--================ Section Heading ================-->\n<script>\n    (function($){\n        'use strict';\n\n        if(!$) return;\n\n        $(function(){\n            if(window.appear) {\n                appear({\n                    elements: function(){\n                        return document.querySelectorAll('#vc-milenia-section-heading-92ff30afd853496841c5301ee243e704-1775518203568815990');\n                    },\n                    appear: function(element) {\n                        var $el = $(element);\n                        $el.addClass('milenia-visible').addClass($el.data('animation'));\n                    },\n                    reappear: false,\n                    bounds: -200\n                });\n            }\n        });\n    })(window.jQuery);\n<\/script>\n<div id=\"vc-milenia-section-heading-92ff30afd853496841c5301ee243e704-1775518203568815990\" class=\"milenia-section-heading text-center vc_custom_1710714951829 milenia-visible\" data-animation=\"none\">\n    \n    <h2 class=\"milenia-section-title milenia-font--first-accented\" style=\"font-size: 36px;line-height: 43px;text-transform: none;font-style: normal;font-weight: 400;\">Galer\u00eda<\/h2>\n\n    \n<\/div>\n<!--================ End of Section Heading ================-->\n[vc_raw_html]JTVCQmVzdF9Xb3JkcHJlc3NfR2FsbGVyeSUyMGlkJTNEJTIyNDElMjIlMjBnYWxfdGl0bGUlM0QlMjJSZXN0YXVyYW50JTIyJTVE[\/vc_raw_html][\/vc_column][\/vc_row][vc_row content_placement=&#8221;middle&#8221; css=&#8221;.vc_custom_1540924741594{margin-right: 0px !important;margin-left: 0px !important;padding-top: 70px !important;padding-bottom: 70px !important;background-color: #f8f8f8 !important;}&#8221;][vc_column]<!--================ Section Heading ================-->\n<script>\n    (function($){\n        'use strict';\n\n        if(!$) return;\n\n        $(function(){\n            if(window.appear) {\n                appear({\n                    elements: function(){\n                        return document.querySelectorAll('#vc-milenia-section-heading-8b24547f6ca16abe7c236b6f701ab10f-17755182031946849614');\n                    },\n                    appear: function(element) {\n                        var $el = $(element);\n                        $el.addClass('milenia-visible').addClass($el.data('animation'));\n                    },\n                    reappear: false,\n                    bounds: -200\n                });\n            }\n        });\n    })(window.jQuery);\n<\/script>\n<div id=\"vc-milenia-section-heading-8b24547f6ca16abe7c236b6f701ab10f-17755182031946849614\" class=\"milenia-section-heading text-center vc_custom_1710714983813 milenia-visible\" data-animation=\"none\">\n    \n    <h2 class=\"milenia-section-title milenia-font--first-accented\" style=\"font-size: 36px;line-height: 43px;text-transform: none;font-style: normal;font-weight: 400;\">Contacto<\/h2>\n\n    <p class=\"milenia-section-description milenia-font--like-body\" style=\"font-size: 18px;line-height: 30px;text-transform: none;font-style: normal;font-weight: 400;\">Para consultas y eventos, cont\u00e1ctenos <\/p>\n\n<\/div>\n<!--================ End of Section Heading ================-->\n[\/vc_column][vc_column width=&#8221;1\/3&#8243;][vc_custom_heading text=&#8221;+593 996 799 0606&#8243; font_container=&#8221;tag:h4|font_size:24px|text_align:center|line_height:32px&#8221; use_theme_fonts=&#8221;yes&#8221; css=&#8221;.vc_custom_1708722819445{margin-bottom: 10px !important;}&#8221; link=&#8221;url:tel%3A%2B593%20996%20799%200606&#8243;][vc_column_text]<\/p>\n<p style=\"text-align: center;\">Tel\u00e9fono<\/p>\n<p>[\/vc_column_text][\/vc_column][vc_column width=&#8221;1\/3&#8243; el_class=&#8221;milenia-color&#8211;black&#8221;][vc_column_text]<\/p>\n<p style=\"text-align: center; margin-bottom: 15px;\">Calles Tomas Halflants y Ambato<\/p>\n<p style=\"text-align: center;\"><a class=\"milenia-uppercased-link\" href=\"https:\/\/www.google.com\/maps\/dir\/\/Erupcion+Art+Hotel+%26+Hostel,+Ambato+%26,+Ba%C3%B1os+de+Agua+Santa+010151\/@-1.3974312,-78.4255859,17z\/data=!4m20!1m10!3m9!1s0x91d3913ffdfa36f7:0xfb9cb5922a358294!2sErupcion+Art+Hotel+%26+Hostel!5m2!4m1!1i2!8m2!3d-1.3974366!4d-78.423011!16s%2Fg%2F1vljhdkn!4m8!1m0!1m5!1m1!1s0x91d3913ffdfa36f7:0xfb9cb5922a358294!2m2!1d-78.423011!2d-1.3974366!3e2?entry=ttu\">Obtener direcci\u00f3n<\/a><\/p>\n<p>[\/vc_column_text][\/vc_column][vc_column width=&#8221;1\/3&#8243;][vc_custom_heading text=&#8221;elcraterbar@gmail.com&#8221; font_container=&#8221;tag:h4|font_size:24px|text_align:center|color:%231c1c1c|line_height:32px&#8221; use_theme_fonts=&#8221;yes&#8221; link=&#8221;url:mailto%3Ahello%40hostalerupcion.com&#8221; el_class=&#8221;milenia-el&#8211;links-dark&#8221; css=&#8221;.vc_custom_1710435247977{margin-bottom: 10px !important;}&#8221;][vc_column_text]<\/p>\n<p style=\"text-align: center;\">Email<\/p>\n<p>[\/vc_column_text][\/vc_column][\/vc_row]<\/p>\n<\/div>","protected":false},"excerpt":{"rendered":"<p>[vc_row full_width=&#8221;stretch_row&#8221; content_placement=&#8221;middle&#8221; css=&#8221;.vc_custom_1708634889452{margin-bottom: 30px !important;background-color: #f8f8f8 !important;}&#8221;][vc_column width=&#8221;1\/2&#8243; el_class=&#8221;milenia-color&#8211;black&#8221;][vc_column_text]Ven a nuestro bar en la azotea en la&#8230;<\/p>\n","protected":false},"author":1,"featured_media":0,"parent":0,"menu_order":0,"comment_status":"closed","ping_status":"closed","template":"","meta":{"_monsterinsights_skip_tracking":false,"_monsterinsights_sitenote_active":false,"_monsterinsights_sitenote_note":"","_monsterinsights_sitenote_category":0,"footnotes":""},"class_list":["post-5935","page","type-page","status-publish","hentry"],"aioseo_notices":[],"meta_box":{"milenia-page-header-state":"0","milenia-page-header-type":"milenia-header-layout-v1","milenia-page-header-logo":{"width":150,"height":108,"file":"2018\/10\/logo-erupcion-art-hotel.png","filesize":5258,"sizes":{"medium":{"file":"logo-erupcion-art-hotel-300x99.png","width":300,"height":99,"mime-type":"image\/png","filesize":9737,"url":"https:\/\/hostalerupcion.com\/wp-content\/uploads\/2018\/10\/logo-erupcion-art-hotel-300x99.png"},"thumbnail":{"file":"logo-erupcion-art-hotel-150x108.png","width":150,"height":108,"mime-type":"image\/png","filesize":3964,"url":"https:\/\/hostalerupcion.com\/wp-content\/uploads\/2018\/10\/logo-erupcion-art-hotel-150x108.png"},"woocommerce_gallery_thumbnail":{"file":"logo-erupcion-art-hotel-206x108.png","width":206,"height":108,"mime-type":"image\/png","filesize":6028,"url":"https:\/\/hostalerupcion.com\/wp-content\/uploads\/2018\/10\/logo-erupcion-art-hotel-206x108.png"}},"image_meta":{"aperture":"0","credit":"","camera":"","caption":"","created_timestamp":"0","copyright":"","focal_length":"0","iso":"0","shutter_speed":"0","title":"","orientation":"0","keywords":[]},"ID":"3158","name":"logo-erupcion-art-hotel.png","path":"\/home\/u346944570\/domains\/hostalerupcion.com\/public_html\/wp-content\/uploads\/2018\/10\/logo-erupcion-art-hotel.png","url":"https:\/\/hostalerupcion.com\/wp-content\/uploads\/2018\/10\/logo-erupcion-art-hotel-150x108.png","full_url":"https:\/\/hostalerupcion.com\/wp-content\/uploads\/2018\/10\/logo-erupcion-art-hotel.png","title":"logo-erupcion-art-hotel","caption":"","description":"","alt":"","srcset":false},"milenia-page-header-logo-hidpi":{"width":150,"height":108,"file":"2018\/10\/logo-erupcion-art-hotel.png","filesize":5258,"sizes":{"medium":{"file":"logo-erupcion-art-hotel-300x99.png","width":300,"height":99,"mime-type":"image\/png","filesize":9737,"url":"https:\/\/hostalerupcion.com\/wp-content\/uploads\/2018\/10\/logo-erupcion-art-hotel-300x99.png"},"thumbnail":{"file":"logo-erupcion-art-hotel-150x108.png","width":150,"height":108,"mime-type":"image\/png","filesize":3964,"url":"https:\/\/hostalerupcion.com\/wp-content\/uploads\/2018\/10\/logo-erupcion-art-hotel-150x108.png"},"woocommerce_gallery_thumbnail":{"file":"logo-erupcion-art-hotel-206x108.png","width":206,"height":108,"mime-type":"image\/png","filesize":6028,"url":"https:\/\/hostalerupcion.com\/wp-content\/uploads\/2018\/10\/logo-erupcion-art-hotel-206x108.png"}},"image_meta":{"aperture":"0","credit":"","camera":"","caption":"","created_timestamp":"0","copyright":"","focal_length":"0","iso":"0","shutter_speed":"0","title":"","orientation":"0","keywords":[]},"ID":"3158","name":"logo-erupcion-art-hotel.png","path":"\/home\/u346944570\/domains\/hostalerupcion.com\/public_html\/wp-content\/uploads\/2018\/10\/logo-erupcion-art-hotel.png","url":"https:\/\/hostalerupcion.com\/wp-content\/uploads\/2018\/10\/logo-erupcion-art-hotel-150x108.png","full_url":"https:\/\/hostalerupcion.com\/wp-content\/uploads\/2018\/10\/logo-erupcion-art-hotel.png","title":"logo-erupcion-art-hotel","caption":"","description":"","alt":"","srcset":false},"milenia-page-header-transparent":"0","milenia-page-header-color-scheme":"milenia-header--light","milenia-page-header-container":"container","milenia-page-header-transparentable-color-scheme":"milenia-header--light","milenia-page-header-navigation-section":"1","milenia-page-header-sticky":"1","milenia-page-header-sticky-responsive-breakpoint":["milenia-header-section--sticky-sm"],"milenia-page-header-layout-v5-sticky":"1","milenia-page-header-layout-v5-sticky-responsive-breakpoint":[],"milenia-page-header-top-bar":"1","milenia-page-header-top-bar-left-column-elements":["info"],"milenia-page-header-top-bar-right-column-elements":[],"milenia-page-header-left-column-elements":["weather"],"milenia-page-header-right-column-elements":["action-btn"],"milenia-page-header-action-btn-text":"Reservar","milenia-page-header-action-btn-url":"https:\/\/engine.lobbypms.com\/erupcion-art-hotel","milenia-page-header-action-btn-target":"1","milenia-page-header-action-btn-nofollow":"0","milenia-page-header-vertical-menu-logo":false,"milenia-page-header-hidden-sidebar-widget-area":"widget-area-20","milenia-page-breadcrumb-settings-state":"0","milenia-page-breadcrumb-state":"1","milenia-page-breadcrumb":{"page-title-state":"on","page-title":"Page Title","page-title-bottom-offset":"20","breadcrumb-path-state":"on","breadcrumb-path":"Home, Pages, Page Title","breadcrumb-path-delimiter":"\/","content-alignment":"text-center","padding-top":"40","padding-right":"15","padding-bottom":"40","padding-left":"15","background-color":"#0a0a0a","title-color":"#ffffff","content-color":"#ffffff","links-color":"#ffffff","background-image":"4314","background-image-opacity":"0.45"},"milenia-page-settings-inherit-individual":"0","milenia-page-type-individual":"milenia-default","milenia-page-blogroll-item-style":"","milenia-page-blogroll-categories":[],"milenia-page-blogroll-tags":[],"milenia-page-blogroll-in":[],"milenia-page-blogroll-out":[],"milenia-page-layout-individual":"milenia-has-not-sidebar","milenia-page-sidebar-individual":"widget-area-1","milenia-page-items-layout":"grid","milenia-page-items-per-page":"9","milenia-page-order-by":"date","milenia-page-sort-order":"desc","milenia-page-portfolio-categories":[],"milenia-page-portfolio-out":[],"milenia-page-portfolio-in":[],"milenia-page-portfolio-item-style":"milenia-entities--style-18","milenia-page-portfolio-categories-state":"1","milenia-page-gallery-categories":[],"milenia-page-gallery-out":[],"milenia-page-gallery-in":[],"milenia-page-filter-state":"1","milenia-page-filter-all-tab-text":"All","milenia-page-blogroll-columns-individual":"milenia-grid--cols-3","milenia-page-columns-individual":"milenia-grid--cols-3","milenia-page-top-padding-individual":"30","milenia-page-bottom-padding-individual":"30","milenia-page-theme-skin-custom-state":"0","milenia-page-skin":"blue","milenia-page-theme-skin-custom-primary":"","milenia-page-theme-skin-custom-secondary":"","milenia-page-border-layout":"1","milenia-page-footer-state-individual":"0","milenia-page-footer-sections":["footer-section-1"],"milenia-page-footer-section-1-src":"widget-area-6","milenia-page-footer-section-1-padding-y-top":"90","milenia-page-footer-section-1-padding-y-bottom":"90","milenia-page-footer-section-1-color-settings-states":["background"],"milenia-page-footer-section-1-bg":"dark","milenia-page-footer-section-1-bg-custom":"#1c1c1c","milenia-page-footer-section-1-text-color-custom":"#858585","milenia-page-footer-section-1-links-color-custom":"#ae745a","milenia-page-footer-section-1-headings-color-custom":"#ffffff","milenia-page-footer-section-1-columns":"milenia-grid--cols-4","milenia-page-footer-section-1-full-width":"1","milenia-page-footer-section-1-uppercased-titles":"0","milenia-page-footer-section-1-large-offset":"0","milenia-page-footer-section-1-padding-x":"1","milenia-page-footer-section-1-border-top-color":"#eaeaea","milenia-page-footer-section-1-widgets-border":"1","milenia-page-footer-section-1-widgets-border-color":"#eaeaea","milenia-page-footer-section-1-widgets":"","milenia-page-footer-section-1-responsive-breakpoint":"milenia-grid--responsive-sm","milenia-page-footer-section-2-src":"widget-area-10","milenia-page-footer-section-2-padding-y-top":"25","milenia-page-footer-section-2-padding-y-bottom":"25","milenia-page-footer-section-2-color-settings-states":["background"],"milenia-page-footer-section-2-bg":"dark","milenia-page-footer-section-2-bg-custom":"#1c1c1c","milenia-page-footer-section-2-text-color-custom":"#858585","milenia-page-footer-section-2-links-color-custom":"#ae745a","milenia-page-footer-section-2-headings-color-custom":"#ffffff","milenia-page-footer-section-2-columns":"milenia-grid--cols-1","milenia-page-footer-section-2-full-width":"0","milenia-page-footer-section-2-uppercased-titles":"0","milenia-page-footer-section-2-large-offset":"0","milenia-page-footer-section-2-padding-x":"1","milenia-page-footer-section-2-border-top-color":"#363636","milenia-page-footer-section-2-widgets-border":"0","milenia-page-footer-section-2-widgets-border-color":"#eaeaea","milenia-page-footer-section-2-widgets":[{"index":"1","horizontal":{"default":"center","custom":"center","custom-breakpoint":"xl"},"vertical":{"default":"middle","custom":"middle","custom-breakpoint":"xl"},"lists-direction":"horizontal"},{"index":"2","horizontal":{"default":"center","custom":"center","custom-breakpoint":"xl"},"vertical":{"default":"middle","custom":"middle","custom-breakpoint":"xl"},"lists-direction":"vertical"}],"milenia-page-footer-section-2-responsive-breakpoint":"milenia-grid--responsive-xxxl","milenia-page-footer-section-3-src":"widget-area-4","milenia-page-footer-section-3-padding-y-top":"90","milenia-page-footer-section-3-padding-y-bottom":"90","milenia-page-footer-section-3-color-settings-states":["background"],"milenia-page-footer-section-3-bg":"dark","milenia-page-footer-section-3-bg-custom":"#1c1c1c","milenia-page-footer-section-3-text-color-custom":"#858585","milenia-page-footer-section-3-links-color-custom":"#ae745a","milenia-page-footer-section-3-headings-color-custom":"#ffffff","milenia-page-footer-section-3-columns":"milenia-grid--cols-4","milenia-page-footer-section-3-full-width":"1","milenia-page-footer-section-3-uppercased-titles":"0","milenia-page-footer-section-3-large-offset":"0","milenia-page-footer-section-3-padding-x":"1","milenia-page-footer-section-3-border-top-color":"#eaeaea","milenia-page-footer-section-3-widgets-border":"1","milenia-page-footer-section-3-widgets-border-color":"#eaeaea","milenia-page-footer-section-3-widgets":"","milenia-page-footer-section-3-responsive-breakpoint":"","milenia-page-footer-section-4-src":"widget-area-5","milenia-page-footer-section-4-padding-y-top":"90","milenia-page-footer-section-4-padding-y-bottom":"90","milenia-page-footer-section-4-color-settings-states":["background"],"milenia-page-footer-section-4-bg":"dark","milenia-page-footer-section-4-bg-custom":"#1c1c1c","milenia-page-footer-section-4-text-color-custom":"#858585","milenia-page-footer-section-4-links-color-custom":"#ae745a","milenia-page-footer-section-4-headings-color-custom":"#ffffff","milenia-page-footer-section-4-columns":"milenia-grid--cols-4","milenia-page-footer-section-4-full-width":"1","milenia-page-footer-section-4-uppercased-titles":"0","milenia-page-footer-section-4-large-offset":"0","milenia-page-footer-section-4-padding-x":"1","milenia-page-footer-section-4-border-top-color":"#eaeaea","milenia-page-footer-section-4-widgets-border":"1","milenia-page-footer-section-4-widgets-border-color":"#eaeaea","milenia-page-footer-section-4-widgets":"","milenia-page-footer-section-4-responsive-breakpoint":"","milenia-page-footer-section-5-src":"widget-area-6","milenia-page-footer-section-5-padding-y-top":"90","milenia-page-footer-section-5-padding-y-bottom":"90","milenia-page-footer-section-5-color-settings-states":["background"],"milenia-page-footer-section-5-bg":"dark","milenia-page-footer-section-5-bg-custom":"#1c1c1c","milenia-page-footer-section-5-text-color-custom":"#858585","milenia-page-footer-section-5-links-color-custom":"#ae745a","milenia-page-footer-section-5-headings-color-custom":"#ffffff","milenia-page-footer-section-5-columns":"milenia-grid--cols-4","milenia-page-footer-section-5-full-width":"1","milenia-page-footer-section-5-uppercased-titles":"0","milenia-page-footer-section-5-large-offset":"0","milenia-page-footer-section-5-padding-x":"1","milenia-page-footer-section-5-border-top-color":"#eaeaea","milenia-page-footer-section-5-widgets-border":"1","milenia-page-footer-section-5-widgets-border-color":"#eaeaea","milenia-page-footer-section-5-widgets":"","milenia-page-footer-section-5-responsive-breakpoint":""},"_links":{"self":[{"href":"https:\/\/hostalerupcion.com\/es\/wp-json\/wp\/v2\/pages\/5935","targetHints":{"allow":["GET"]}}],"collection":[{"href":"https:\/\/hostalerupcion.com\/es\/wp-json\/wp\/v2\/pages"}],"about":[{"href":"https:\/\/hostalerupcion.com\/es\/wp-json\/wp\/v2\/types\/page"}],"author":[{"embeddable":true,"href":"https:\/\/hostalerupcion.com\/es\/wp-json\/wp\/v2\/users\/1"}],"replies":[{"embeddable":true,"href":"https:\/\/hostalerupcion.com\/es\/wp-json\/wp\/v2\/comments?post=5935"}],"version-history":[{"count":2,"href":"https:\/\/hostalerupcion.com\/es\/wp-json\/wp\/v2\/pages\/5935\/revisions"}],"predecessor-version":[{"id":6137,"href":"https:\/\/hostalerupcion.com\/es\/wp-json\/wp\/v2\/pages\/5935\/revisions\/6137"}],"wp:attachment":[{"href":"https:\/\/hostalerupcion.com\/es\/wp-json\/wp\/v2\/media?parent=5935"}],"curies":[{"name":"wp","href":"https:\/\/api.w.org\/{rel}","templated":true}]}}