{"id":6077,"date":"2024-02-25T17:22:47","date_gmt":"2024-02-25T17:22:47","guid":{"rendered":"https:\/\/hostalerupcion.com\/?page_id=6077"},"modified":"2024-03-21T03:56:23","modified_gmt":"2024-03-21T03:56:23","slug":"transporte-privado-ecuador","status":"publish","type":"page","link":"https:\/\/hostalerupcion.com\/es\/transporte-privado-ecuador\/","title":{"rendered":"Transporte"},"content":{"rendered":"<div class=\"wpb-content-wrapper\"><p>[vc_row full_width=&#8221;stretch_row&#8221; content_placement=&#8221;middle&#8221; css=&#8221;.vc_custom_1708830725632{margin-bottom: 30px !important;background-color: #ffffff !important;}&#8221;][vc_column el_class=&#8221;milenia-color&#8211;black&#8221; offset=&#8221;vc_col-lg-offset-1 vc_col-lg-10&#8243; css=&#8221;.vc_custom_1708830772554{padding-bottom: 30px !important;background-color: #f8f8f8 !important;}&#8221;][vc_images_carousel images=&#8221;4345&#8243; img_size=&#8221;full&#8221; speed=&#8221;3000&#8243; autoplay=&#8221;yes&#8221; wrap=&#8221;yes&#8221;][vc_empty_space height=&#8221;40px&#8221;][vc_row_inner css=&#8221;.vc_custom_1708833790978{margin-bottom: -50px !important;}&#8221;][vc_column_inner offset=&#8221;vc_col-lg-offset-1 vc_col-lg-10&#8243;][vc_custom_heading text=&#8221;Transporte privado en Ecuador&#8221; font_container=&#8221;tag:h1|text_align:center&#8221; use_theme_fonts=&#8221;yes&#8221;][vc_column_text]<\/p>\n<p style=\"text-align: center;\">Viajar por Ecuador a veces puede ser un poco dif\u00edcil de organizar. Queremos ahorrarle dinero y tiempo y llevarlo a su pr\u00f3ximo destino lo antes posible.<\/p>\n<p>[\/vc_column_text][\/vc_column_inner][\/vc_row_inner][vc_row_inner css=&#8221;.vc_custom_1708833790978{margin-bottom: -50px !important;}&#8221;][vc_column_inner offset=&#8221;vc_col-lg-offset-1 vc_col-lg-10&#8243;][vc_custom_heading text=&#8221;Servicio de autom\u00f3vil privado en Ecuador&#8221; font_container=&#8221;tag:h3|text_align:center&#8221; use_theme_fonts=&#8221;yes&#8221;][vc_column_text]<\/p>\n<p style=\"text-align: center;\">Reserve su transporte desde\/hacia el aeropuerto y por todos los lugares en Ecuador con nuestro servicio de transferencia. Somos confiables, amigables y siempre pagar\u00e1 un precio fijo. Tan pronto como env\u00ede el formulario de pedido a continuaci\u00f3n, recibir\u00e1 nuestro correo electr\u00f3nico de confirmaci\u00f3n con toda la informaci\u00f3n necesaria sobre su encuentro con el conductor, precio total, m\u00e9todo de pago, etc.<\/p>\n<p>[\/vc_column_text][vc_custom_heading text=&#8221;Servicio de transporte compartido en Ecuador&#8221; font_container=&#8221;tag:h2|text_align:center&#8221; use_theme_fonts=&#8221;yes&#8221; css=&#8221;.vc_custom_1710946755997{padding-top: 15px !important;padding-bottom: 15px !important;}&#8221;][vc_column_text]<\/p>\n<p style=\"text-align: center;\">Nuestro servicio de transporte compartido funciona las 24 horas del d\u00eda, los 7 d\u00edas de la semana. Si necesitas transporte desde el aeropuerto de Quito, Guayaquil, Cuenca o cualquier ciudad dentro de Ecuador, cont\u00e1ctanos.<\/p>\n<p>[\/vc_column_text][vc_custom_heading text=&#8221;Private transfer in Ecuador&#8221; font_container=&#8221;tag:h2|text_align:center&#8221; use_theme_fonts=&#8221;yes&#8221; css=&#8221;.vc_custom_1708881579649{padding-top: 15px !important;padding-bottom: 15px !important;}&#8221;][vc_column_text]<\/p>\n<p style=\"text-align: center;\">Para obtener m\u00e1s informaci\u00f3n, puedes llamarnos al <a href=\"tel:+593996229449\">+593 99 6 229449<\/a> entre las 9 a. m. y las 9 p. m. (hora de Ecuador), o escribirnos a <a href=\"mailto:hostalerupcion@gmail.com\">hostalerupcion@gmail.com<\/a><\/p>\n<p>[\/vc_column_text][\/vc_column_inner][\/vc_row_inner][vc_empty_space height=&#8221;50px&#8221;]<!--================ Section Heading ================-->\n<script>\n    (function($){\n        'use strict';\n\n        if(!$) return;\n\n        $(function(){\n            if(window.appear) {\n                appear({\n                    elements: function(){\n                        return document.querySelectorAll('#vc-milenia-section-heading-8974164294d1c7efc05d978e579d0737-1775518202385612679');\n                    },\n                    appear: function(element) {\n                        var $el = $(element);\n                        $el.addClass('milenia-visible').addClass($el.data('animation'));\n                    },\n                    reappear: false,\n                    bounds: -200\n                });\n            }\n        });\n    })(window.jQuery);\n<\/script>\n<div id=\"vc-milenia-section-heading-8974164294d1c7efc05d978e579d0737-1775518202385612679\" class=\"milenia-section-heading text-center vc_custom_1710946848987 milenia-visible\" data-animation=\"none\">\n    \n    <h2 class=\"milenia-section-title milenia-font--first-accented\" style=\"font-size: 36px;line-height: 43px;text-transform: none;font-style: normal;font-weight: 400;\">Nuestras rese\u00f1as<\/h2>\n\n    \n<\/div>\n<!--================ End of Section Heading ================-->\n[vc_raw_html]JTVCZ3J3JTIwaWQlM0QzMjM5JTVE[\/vc_raw_html][\/vc_column][vc_column][\/vc_column][\/vc_row]<\/p>\n<\/div>","protected":false},"excerpt":{"rendered":"<p>[vc_row full_width=&#8221;stretch_row&#8221; content_placement=&#8221;middle&#8221; css=&#8221;.vc_custom_1708830725632{margin-bottom: 30px !important;background-color: #ffffff !important;}&#8221;][vc_column el_class=&#8221;milenia-color&#8211;black&#8221; offset=&#8221;vc_col-lg-offset-1 vc_col-lg-10&#8243; css=&#8221;.vc_custom_1708830772554{padding-bottom: 30px !important;background-color: #f8f8f8 !important;}&#8221;][vc_images_carousel images=&#8221;4345&#8243; img_size=&#8221;full&#8221;&#8230;<\/p>\n","protected":false},"author":1,"featured_media":0,"parent":0,"menu_order":0,"comment_status":"closed","ping_status":"closed","template":"","meta":{"_monsterinsights_skip_tracking":false,"_monsterinsights_sitenote_active":false,"_monsterinsights_sitenote_note":"","_monsterinsights_sitenote_category":0,"footnotes":""},"class_list":["post-6077","page","type-page","status-publish","hentry"],"aioseo_notices":[],"meta_box":{"milenia-page-header-state":"0","milenia-page-header-type":"milenia-header-layout-v1","milenia-page-header-logo":{"width":150,"height":108,"file":"2018\/10\/logo-erupcion-art-hotel.png","filesize":5258,"sizes":{"medium":{"file":"logo-erupcion-art-hotel-300x99.png","width":300,"height":99,"mime-type":"image\/png","filesize":9737,"url":"https:\/\/hostalerupcion.com\/wp-content\/uploads\/2018\/10\/logo-erupcion-art-hotel-300x99.png"},"thumbnail":{"file":"logo-erupcion-art-hotel-150x108.png","width":150,"height":108,"mime-type":"image\/png","filesize":3964,"url":"https:\/\/hostalerupcion.com\/wp-content\/uploads\/2018\/10\/logo-erupcion-art-hotel-150x108.png"},"woocommerce_gallery_thumbnail":{"file":"logo-erupcion-art-hotel-206x108.png","width":206,"height":108,"mime-type":"image\/png","filesize":6028,"url":"https:\/\/hostalerupcion.com\/wp-content\/uploads\/2018\/10\/logo-erupcion-art-hotel-206x108.png"}},"image_meta":{"aperture":"0","credit":"","camera":"","caption":"","created_timestamp":"0","copyright":"","focal_length":"0","iso":"0","shutter_speed":"0","title":"","orientation":"0","keywords":[]},"ID":"3158","name":"logo-erupcion-art-hotel.png","path":"\/home\/u346944570\/domains\/hostalerupcion.com\/public_html\/wp-content\/uploads\/2018\/10\/logo-erupcion-art-hotel.png","url":"https:\/\/hostalerupcion.com\/wp-content\/uploads\/2018\/10\/logo-erupcion-art-hotel-150x108.png","full_url":"https:\/\/hostalerupcion.com\/wp-content\/uploads\/2018\/10\/logo-erupcion-art-hotel.png","title":"logo-erupcion-art-hotel","caption":"","description":"","alt":"","srcset":false},"milenia-page-header-logo-hidpi":{"width":150,"height":108,"file":"2018\/10\/logo-erupcion-art-hotel.png","filesize":5258,"sizes":{"medium":{"file":"logo-erupcion-art-hotel-300x99.png","width":300,"height":99,"mime-type":"image\/png","filesize":9737,"url":"https:\/\/hostalerupcion.com\/wp-content\/uploads\/2018\/10\/logo-erupcion-art-hotel-300x99.png"},"thumbnail":{"file":"logo-erupcion-art-hotel-150x108.png","width":150,"height":108,"mime-type":"image\/png","filesize":3964,"url":"https:\/\/hostalerupcion.com\/wp-content\/uploads\/2018\/10\/logo-erupcion-art-hotel-150x108.png"},"woocommerce_gallery_thumbnail":{"file":"logo-erupcion-art-hotel-206x108.png","width":206,"height":108,"mime-type":"image\/png","filesize":6028,"url":"https:\/\/hostalerupcion.com\/wp-content\/uploads\/2018\/10\/logo-erupcion-art-hotel-206x108.png"}},"image_meta":{"aperture":"0","credit":"","camera":"","caption":"","created_timestamp":"0","copyright":"","focal_length":"0","iso":"0","shutter_speed":"0","title":"","orientation":"0","keywords":[]},"ID":"3158","name":"logo-erupcion-art-hotel.png","path":"\/home\/u346944570\/domains\/hostalerupcion.com\/public_html\/wp-content\/uploads\/2018\/10\/logo-erupcion-art-hotel.png","url":"https:\/\/hostalerupcion.com\/wp-content\/uploads\/2018\/10\/logo-erupcion-art-hotel-150x108.png","full_url":"https:\/\/hostalerupcion.com\/wp-content\/uploads\/2018\/10\/logo-erupcion-art-hotel.png","title":"logo-erupcion-art-hotel","caption":"","description":"","alt":"","srcset":false},"milenia-page-header-transparent":"0","milenia-page-header-color-scheme":"milenia-header--light","milenia-page-header-container":"container","milenia-page-header-transparentable-color-scheme":"milenia-header--light","milenia-page-header-navigation-section":"1","milenia-page-header-sticky":"1","milenia-page-header-sticky-responsive-breakpoint":["milenia-header-section--sticky-sm"],"milenia-page-header-layout-v5-sticky":"1","milenia-page-header-layout-v5-sticky-responsive-breakpoint":["milenia-header-section--sticky-sm"],"milenia-page-header-top-bar":"1","milenia-page-header-top-bar-left-column-elements":["info"],"milenia-page-header-top-bar-right-column-elements":[],"milenia-page-header-left-column-elements":["weather"],"milenia-page-header-right-column-elements":["action-btn"],"milenia-page-header-action-btn-text":"Reservar","milenia-page-header-action-btn-url":"https:\/\/engine.lobbypms.com\/erupcion-art-hotel","milenia-page-header-action-btn-target":"1","milenia-page-header-action-btn-nofollow":"0","milenia-page-header-vertical-menu-logo":false,"milenia-page-header-hidden-sidebar-widget-area":"widget-area-20","milenia-page-breadcrumb-settings-state":"0","milenia-page-breadcrumb-state":"1","milenia-page-breadcrumb":{"page-title-state":"on","page-title":"Page Title","page-title-bottom-offset":"20","breadcrumb-path-state":"on","breadcrumb-path":"Home, Pages, Page Title","breadcrumb-path-delimiter":"\/","content-alignment":"text-center","padding-top":"40","padding-right":"15","padding-bottom":"40","padding-left":"15","background-color":"#f1f1f1","title-color":"#1c1c1c","content-color":"#858585","links-color":"#1c1c1c","background-image":"none","background-image-opacity":"1"},"milenia-page-settings-inherit-individual":"0","milenia-page-type-individual":"milenia-default","milenia-page-blogroll-item-style":"","milenia-page-blogroll-categories":[],"milenia-page-blogroll-tags":[],"milenia-page-blogroll-in":[],"milenia-page-blogroll-out":[],"milenia-page-layout-individual":"milenia-has-not-sidebar","milenia-page-sidebar-individual":"widget-area-1","milenia-page-items-layout":"grid","milenia-page-items-per-page":"9","milenia-page-order-by":"date","milenia-page-sort-order":"desc","milenia-page-portfolio-categories":[],"milenia-page-portfolio-out":[],"milenia-page-portfolio-in":[],"milenia-page-portfolio-item-style":"milenia-entities--style-18","milenia-page-portfolio-categories-state":"1","milenia-page-gallery-categories":[],"milenia-page-gallery-out":[],"milenia-page-gallery-in":[],"milenia-page-filter-state":"1","milenia-page-filter-all-tab-text":"All","milenia-page-blogroll-columns-individual":"milenia-grid--cols-3","milenia-page-columns-individual":"milenia-grid--cols-3","milenia-page-top-padding-individual":"30","milenia-page-bottom-padding-individual":"30","milenia-page-theme-skin-custom-state":"0","milenia-page-skin":"blue","milenia-page-theme-skin-custom-primary":"","milenia-page-theme-skin-custom-secondary":"","milenia-page-border-layout":"1","milenia-page-footer-state-individual":"0","milenia-page-footer-sections":["footer-section-1"],"milenia-page-footer-section-1-src":"widget-area-6","milenia-page-footer-section-1-padding-y-top":"90","milenia-page-footer-section-1-padding-y-bottom":"90","milenia-page-footer-section-1-color-settings-states":["background"],"milenia-page-footer-section-1-bg":"dark","milenia-page-footer-section-1-bg-custom":"#1c1c1c","milenia-page-footer-section-1-text-color-custom":"#858585","milenia-page-footer-section-1-links-color-custom":"#ae745a","milenia-page-footer-section-1-headings-color-custom":"#ffffff","milenia-page-footer-section-1-columns":"milenia-grid--cols-4","milenia-page-footer-section-1-full-width":"1","milenia-page-footer-section-1-uppercased-titles":"0","milenia-page-footer-section-1-large-offset":"0","milenia-page-footer-section-1-padding-x":"1","milenia-page-footer-section-1-border-top-color":"#eaeaea","milenia-page-footer-section-1-widgets-border":"1","milenia-page-footer-section-1-widgets-border-color":"#eaeaea","milenia-page-footer-section-1-widgets":"","milenia-page-footer-section-1-responsive-breakpoint":"milenia-grid--responsive-sm","milenia-page-footer-section-2-src":"widget-area-10","milenia-page-footer-section-2-padding-y-top":"25","milenia-page-footer-section-2-padding-y-bottom":"25","milenia-page-footer-section-2-color-settings-states":["background"],"milenia-page-footer-section-2-bg":"dark","milenia-page-footer-section-2-bg-custom":"#1c1c1c","milenia-page-footer-section-2-text-color-custom":"#858585","milenia-page-footer-section-2-links-color-custom":"#ae745a","milenia-page-footer-section-2-headings-color-custom":"#ffffff","milenia-page-footer-section-2-columns":"milenia-grid--cols-1","milenia-page-footer-section-2-full-width":"0","milenia-page-footer-section-2-uppercased-titles":"0","milenia-page-footer-section-2-large-offset":"0","milenia-page-footer-section-2-padding-x":"1","milenia-page-footer-section-2-border-top-color":"#363636","milenia-page-footer-section-2-widgets-border":"0","milenia-page-footer-section-2-widgets-border-color":"#eaeaea","milenia-page-footer-section-2-widgets":[{"index":"1","horizontal":{"default":"center","custom":"center","custom-breakpoint":"xl"},"vertical":{"default":"middle","custom":"middle","custom-breakpoint":"xl"},"lists-direction":"horizontal"},{"index":"2","horizontal":{"default":"center","custom":"center","custom-breakpoint":"xl"},"vertical":{"default":"middle","custom":"middle","custom-breakpoint":"xl"},"lists-direction":"vertical"}],"milenia-page-footer-section-2-responsive-breakpoint":"milenia-grid--responsive-xxxl","milenia-page-footer-section-3-src":"widget-area-4","milenia-page-footer-section-3-padding-y-top":"90","milenia-page-footer-section-3-padding-y-bottom":"90","milenia-page-footer-section-3-color-settings-states":["background"],"milenia-page-footer-section-3-bg":"dark","milenia-page-footer-section-3-bg-custom":"#1c1c1c","milenia-page-footer-section-3-text-color-custom":"#858585","milenia-page-footer-section-3-links-color-custom":"#ae745a","milenia-page-footer-section-3-headings-color-custom":"#ffffff","milenia-page-footer-section-3-columns":"milenia-grid--cols-4","milenia-page-footer-section-3-full-width":"1","milenia-page-footer-section-3-uppercased-titles":"0","milenia-page-footer-section-3-large-offset":"0","milenia-page-footer-section-3-padding-x":"1","milenia-page-footer-section-3-border-top-color":"#eaeaea","milenia-page-footer-section-3-widgets-border":"1","milenia-page-footer-section-3-widgets-border-color":"#eaeaea","milenia-page-footer-section-3-widgets":"","milenia-page-footer-section-3-responsive-breakpoint":"","milenia-page-footer-section-4-src":"widget-area-5","milenia-page-footer-section-4-padding-y-top":"90","milenia-page-footer-section-4-padding-y-bottom":"90","milenia-page-footer-section-4-color-settings-states":["background"],"milenia-page-footer-section-4-bg":"dark","milenia-page-footer-section-4-bg-custom":"#1c1c1c","milenia-page-footer-section-4-text-color-custom":"#858585","milenia-page-footer-section-4-links-color-custom":"#ae745a","milenia-page-footer-section-4-headings-color-custom":"#ffffff","milenia-page-footer-section-4-columns":"milenia-grid--cols-4","milenia-page-footer-section-4-full-width":"1","milenia-page-footer-section-4-uppercased-titles":"0","milenia-page-footer-section-4-large-offset":"0","milenia-page-footer-section-4-padding-x":"1","milenia-page-footer-section-4-border-top-color":"#eaeaea","milenia-page-footer-section-4-widgets-border":"1","milenia-page-footer-section-4-widgets-border-color":"#eaeaea","milenia-page-footer-section-4-widgets":"","milenia-page-footer-section-4-responsive-breakpoint":"","milenia-page-footer-section-5-src":"widget-area-6","milenia-page-footer-section-5-padding-y-top":"90","milenia-page-footer-section-5-padding-y-bottom":"90","milenia-page-footer-section-5-color-settings-states":["background"],"milenia-page-footer-section-5-bg":"dark","milenia-page-footer-section-5-bg-custom":"#1c1c1c","milenia-page-footer-section-5-text-color-custom":"#858585","milenia-page-footer-section-5-links-color-custom":"#ae745a","milenia-page-footer-section-5-headings-color-custom":"#ffffff","milenia-page-footer-section-5-columns":"milenia-grid--cols-4","milenia-page-footer-section-5-full-width":"1","milenia-page-footer-section-5-uppercased-titles":"0","milenia-page-footer-section-5-large-offset":"0","milenia-page-footer-section-5-padding-x":"1","milenia-page-footer-section-5-border-top-color":"#eaeaea","milenia-page-footer-section-5-widgets-border":"1","milenia-page-footer-section-5-widgets-border-color":"#eaeaea","milenia-page-footer-section-5-widgets":"","milenia-page-footer-section-5-responsive-breakpoint":""},"_links":{"self":[{"href":"https:\/\/hostalerupcion.com\/es\/wp-json\/wp\/v2\/pages\/6077","targetHints":{"allow":["GET"]}}],"collection":[{"href":"https:\/\/hostalerupcion.com\/es\/wp-json\/wp\/v2\/pages"}],"about":[{"href":"https:\/\/hostalerupcion.com\/es\/wp-json\/wp\/v2\/types\/page"}],"author":[{"embeddable":true,"href":"https:\/\/hostalerupcion.com\/es\/wp-json\/wp\/v2\/users\/1"}],"replies":[{"embeddable":true,"href":"https:\/\/hostalerupcion.com\/es\/wp-json\/wp\/v2\/comments?post=6077"}],"version-history":[{"count":1,"href":"https:\/\/hostalerupcion.com\/es\/wp-json\/wp\/v2\/pages\/6077\/revisions"}],"predecessor-version":[{"id":6078,"href":"https:\/\/hostalerupcion.com\/es\/wp-json\/wp\/v2\/pages\/6077\/revisions\/6078"}],"wp:attachment":[{"href":"https:\/\/hostalerupcion.com\/es\/wp-json\/wp\/v2\/media?parent=6077"}],"curies":[{"name":"wp","href":"https:\/\/api.w.org\/{rel}","templated":true}]}}